{"id":28,"date":"2023-03-29T08:52:33","date_gmt":"2023-03-29T08:52:33","guid":{"rendered":"https:\/\/sincronideia.pt\/services\/"},"modified":"2025-01-03T17:38:33","modified_gmt":"2025-01-03T17:38:33","slug":"servicos","status":"publish","type":"page","link":"https:\/\/sincronideia.pt\/en\/servicos\/","title":{"rendered":"Services"},"content":{"rendered":"<h1>Services<\/h1>\n\n\n\n\n\n\n\n<h2>our services<\/h2>\n\n\n<p style=\"text-align: justify;\">Sincronideia presents a complete portfolio of responses in the areas of security and privacy that include auditing and advisory services, training in multiple areas, design and implementation of technological solutions, certification consultancy and external Data Protection Officer services. All of our activity aims to offer each organization appropriate responses to the ongoing challenges of information security and privacy.<em><\/em><strong><em><br><br><\/em><\/strong><\/p><p><strong><em>Cybersecurity:<\/em><\/strong><\/p><p>\u2022 Global infrastructure analysis<\/p><p>\u2022 Vulnerability analysis<\/p><p>\u2022 Incident response<\/p><p>\u2022 Disaster recovery<\/p><p>\u2022 Integrated security solutions<\/p><p>\u2022 Penetration testing<strong><em><br><br><\/em><\/strong><\/p><p><strong><em>Training:<\/em><\/strong><\/p><p>\u2022 Training on Cybersecurity awareness and data protection tailored to each organizational context<\/p><p>\u2022 Training for Controllers and Processors<\/p><p>\u2022 Training for Data Protection Officer<\/p><p>\u2022 Technical Training in Cybersecurity solutions<strong><em><\/em><\/strong><br><br><\/p><p><strong><em><\/em><\/strong><\/p><span style=\"font-size:large;\"><p><strong><em>Consultancy General Data Protection Regulation \u2013 GDPR:<\/em><\/strong><\/p><p><\/p><\/span><p>\u2022 Development of the GDPR compliance program<\/p><p>\u2022 Management of all obligations relating to the GDPR<\/p><p>\u2022 Management of communication with the National Data Protection Commission (CNPD)<\/p><p>\u2022 Management of compliance information to be presented to the CNPD<\/p><p>\u2022 Creation and maintenance of consent and right to be forgotten models<\/p><p>\u2022 Implementation of Privacy by Design and Privacy by Default models<\/p><p>\u2022 Response to Data Breaches and other incidents<\/p><p>\u2022 Response to data portability requests<\/p><p>\u2022 Design of the global\/organizational information security and privacy strategy<\/p><p>\u2022 Assessment, definition and implementation of technological solutions to support legal compliance with the GDPR<strong><em><br><br><\/em><\/strong><\/p><p><strong><em>Servi\u00e7o de Encarregado de Prote\u00e7\u00e3o de Dados &#8211; DPO:<\/em><\/strong><\/p><p>\u2022 External Data Protection Officer Service<\/p><p>\u2022 Continuous monitoring and advice from the data controller<\/p><p>\u2022 Training and raising awareness of the entire organization about the GDPR<\/p><p>\u2022 Advice and control of Impact Assessments on data protection<\/p><p>\u2022 Point of contact and cooperation with CNPD<\/p><p>\u2022 Point of direct contact with holders of data subject to processing<strong><em><br><br><\/em><\/strong><\/p><p><strong><em>Privacy and Information Management:<\/em><\/strong><\/p><p>\u2022 Management of information flows between subcontractors<\/p><p>\u2022 Conformity assessment of subcontracted companies<\/p><p>\u2022 Information lifecycle management<\/p><p>\u2022 Legislative compliance services<\/p><p>\u2022 Privacy Impact Assessment Service \u2013 Data Protection Impact Assessment<em style=\"\"><strong><br><br><\/strong><\/em><\/p><p><em style=\"\"><strong>Consultoria Regime Jur\u00eddico da Seguran\u00e7a do Ciberespa\u00e7o &#8211; RJSC:<\/strong><\/em><\/p><p>\u2022 Definition of profiles suitable for the roles of Security Officer and Permanent Contact Point(s)<\/p><p>\u2022 Preparation of the Security Plan provided for in Decree 65\/2021<\/p><p>\u2022 Preparation of the inventory of essential assets<\/p><p>\u2022 Implementation of risk assessment procedures<\/p><p>\u2022 Definition of security measures appropriate to the assessed risk<\/p><p>\u2022 Assessment of the state of readiness and definition of a procedural plan regarding the detection, impact assessment and notification of security incidents<\/p><p>\u2022 Preparation of annual reports provided for in Decree 65\/2021<em><strong><br><br>General Scheme for the Prevention of Corruption (RGPC):<br><\/strong><\/em>\u2022\u00a0Development of the compliance program aligned with the RGPC<br>\u2022\u00a0Management of all obligations related to the RGPC<br>\u2022\u00a0Coordination of communication with the National Anti-Corruption Mechanism (MENAC)<br>\u2022\u00a0Management of compliance information to be submitted to MENAC<br>\u2022\u00a0Creation and maintenance of the Regulatory Compliance Program (RCP), including:<br>&nbsp; &nbsp; &nbsp; &nbsp; &nbsp; &#8211;&nbsp;Plano de Preven\u00e7\u00e3o de Riscos de Corrup\u00e7\u00e3o e Infra\u00e7\u00f5es Conexas (PPR)<br>&nbsp; &nbsp; &nbsp; &nbsp; &nbsp; &#8211;&nbsp;C\u00f3digo de Conduta<br>&nbsp; &nbsp; &nbsp; &nbsp; &nbsp; &#8211;&nbsp;Programa de Forma\u00e7\u00e3o<br>&nbsp; &nbsp; &nbsp; &nbsp; &nbsp; &#8211;&nbsp;Canal de Den\u00fancias<br>\u2022\u00a0Management of whistleblowing submissions through the Whistleblowing Channel<br>\u2022\u00a0Preparation of an interim report<br>\u2022\u00a0Preparation of an annual report<br>\u2022\u00a0Design and implementation of an Internal Control System<br><br><\/p><p><span style=\"font-weight: 700;\"><em>Discover our proposals under the General Data Protection Regulation:<\/em><\/span><\/p><p>\u2022 Adequacy Plan Proposal<\/p><p>\u2022 Turnkey SST Adequacy Plan Proposal<\/p><p>\u2022 IPSS Adequacy Plan Proposal<\/p>\n\n\n\n\n\n<h3><strong>REGULAMENTO GERAL DE PROTE\u00c7\u00c3O DE DADOS &#8211; RGPD<\/strong><\/h3>\n\n\n<h5><strong>CONTACTE HOJE OS NOSSOS ESPECIALISTAS<\/strong><\/h5>","protected":false},"excerpt":{"rendered":"","protected":false},"author":1,"featured_media":0,"parent":0,"menu_order":0,"comment_status":"closed","ping_status":"closed","template":"","meta":{"pagelayer_contact_templates":[],"_pagelayer_content":"","footnotes":""},"class_list":["post-28","page","type-page","status-publish","hentry"],"yoast_head":"<!-- This site is optimized with the Yoast SEO plugin v27.3 - https:\/\/yoast.com\/product\/yoast-seo-wordpress\/ -->\n<title>Servi\u00e7os Sincronideia | RGPD - Seguran\u00e7a - DPO - RJSC<\/title>\n<meta name=\"description\" content=\"A Sincronideia apresenta um completo portef\u00f3lio de respostas nas \u00e1reas da seguran\u00e7a e privacidade que incluem diversos servi\u00e7os.\" \/>\n<meta name=\"robots\" content=\"index, follow, max-snippet:-1, max-image-preview:large, max-video-preview:-1\" \/>\n<link rel=\"canonical\" href=\"https:\/\/sincronideia.pt\/en\/servicos\/\" \/>\n<meta property=\"og:locale\" content=\"en_GB\" \/>\n<meta property=\"og:type\" content=\"article\" \/>\n<meta property=\"og:title\" content=\"Servi\u00e7os Sincronideia | RGPD - Seguran\u00e7a - DPO - RJSC\" \/>\n<meta property=\"og:description\" content=\"A Sincronideia apresenta um completo portef\u00f3lio de respostas nas \u00e1reas da seguran\u00e7a e privacidade que incluem diversos servi\u00e7os.\" \/>\n<meta property=\"og:url\" content=\"https:\/\/sincronideia.pt\/en\/servicos\/\" \/>\n<meta property=\"og:site_name\" content=\"Sincronideia\" \/>\n<meta property=\"article:modified_time\" content=\"2025-01-03T17:38:33+00:00\" \/>\n<meta name=\"twitter:card\" content=\"summary_large_image\" \/>\n<meta name=\"twitter:label1\" content=\"Estimated reading time\" \/>\n\t<meta name=\"twitter:data1\" content=\"3 minutes\" \/>\n<script type=\"application\/ld+json\" class=\"yoast-schema-graph\">{\"@context\":\"https:\\\/\\\/schema.org\",\"@graph\":[{\"@type\":\"WebPage\",\"@id\":\"https:\\\/\\\/sincronideia.pt\\\/servicos\\\/\",\"url\":\"https:\\\/\\\/sincronideia.pt\\\/servicos\\\/\",\"name\":\"Servi\u00e7os Sincronideia | RGPD - Seguran\u00e7a - DPO - RJSC\",\"isPartOf\":{\"@id\":\"https:\\\/\\\/sincronideia.pt\\\/#website\"},\"datePublished\":\"2023-03-29T08:52:33+00:00\",\"dateModified\":\"2025-01-03T17:38:33+00:00\",\"description\":\"A Sincronideia apresenta um completo portef\u00f3lio de respostas nas \u00e1reas da seguran\u00e7a e privacidade que incluem diversos servi\u00e7os.\",\"breadcrumb\":{\"@id\":\"https:\\\/\\\/sincronideia.pt\\\/servicos\\\/#breadcrumb\"},\"inLanguage\":\"en-GB\",\"potentialAction\":[{\"@type\":\"ReadAction\",\"target\":[\"https:\\\/\\\/sincronideia.pt\\\/servicos\\\/\"]}]},{\"@type\":\"BreadcrumbList\",\"@id\":\"https:\\\/\\\/sincronideia.pt\\\/servicos\\\/#breadcrumb\",\"itemListElement\":[{\"@type\":\"ListItem\",\"position\":1,\"name\":\"In\u00edcio\",\"item\":\"https:\\\/\\\/sincronideia.pt\\\/\"},{\"@type\":\"ListItem\",\"position\":2,\"name\":\"Servi\u00e7os\"}]},{\"@type\":\"WebSite\",\"@id\":\"https:\\\/\\\/sincronideia.pt\\\/#website\",\"url\":\"https:\\\/\\\/sincronideia.pt\\\/\",\"name\":\"Sincronideia\",\"description\":\"Data Privacy &amp; Security\",\"publisher\":{\"@id\":\"https:\\\/\\\/sincronideia.pt\\\/#organization\"},\"potentialAction\":[{\"@type\":\"SearchAction\",\"target\":{\"@type\":\"EntryPoint\",\"urlTemplate\":\"https:\\\/\\\/sincronideia.pt\\\/?s={search_term_string}\"},\"query-input\":{\"@type\":\"PropertyValueSpecification\",\"valueRequired\":true,\"valueName\":\"search_term_string\"}}],\"inLanguage\":\"en-GB\"},{\"@type\":\"Organization\",\"@id\":\"https:\\\/\\\/sincronideia.pt\\\/#organization\",\"name\":\"Sincronideia\",\"url\":\"https:\\\/\\\/sincronideia.pt\\\/\",\"logo\":{\"@type\":\"ImageObject\",\"inLanguage\":\"en-GB\",\"@id\":\"https:\\\/\\\/sincronideia.pt\\\/#\\\/schema\\\/logo\\\/image\\\/\",\"url\":\"https:\\\/\\\/sincronideia.pt\\\/wp-content\\\/uploads\\\/2023\\\/03\\\/Logo_.png\",\"contentUrl\":\"https:\\\/\\\/sincronideia.pt\\\/wp-content\\\/uploads\\\/2023\\\/03\\\/Logo_.png\",\"width\":1129,\"height\":400,\"caption\":\"Sincronideia\"},\"image\":{\"@id\":\"https:\\\/\\\/sincronideia.pt\\\/#\\\/schema\\\/logo\\\/image\\\/\"},\"sameAs\":[\"https:\\\/\\\/www.linkedin.com\\\/company\\\/sincronideia-data-privacy-and-security\\\/\"]}]}<\/script>\n<!-- \/ Yoast SEO plugin. -->","yoast_head_json":{"title":"Servi\u00e7os Sincronideia | RGPD - Seguran\u00e7a - DPO - RJSC","description":"A Sincronideia apresenta um completo portef\u00f3lio de respostas nas \u00e1reas da seguran\u00e7a e privacidade que incluem diversos servi\u00e7os.","robots":{"index":"index","follow":"follow","max-snippet":"max-snippet:-1","max-image-preview":"max-image-preview:large","max-video-preview":"max-video-preview:-1"},"canonical":"https:\/\/sincronideia.pt\/en\/servicos\/","og_locale":"en_GB","og_type":"article","og_title":"Servi\u00e7os Sincronideia | RGPD - Seguran\u00e7a - DPO - RJSC","og_description":"A Sincronideia apresenta um completo portef\u00f3lio de respostas nas \u00e1reas da seguran\u00e7a e privacidade que incluem diversos servi\u00e7os.","og_url":"https:\/\/sincronideia.pt\/en\/servicos\/","og_site_name":"Sincronideia","article_modified_time":"2025-01-03T17:38:33+00:00","twitter_card":"summary_large_image","twitter_misc":{"Estimated reading time":"3 minutes"},"schema":{"@context":"https:\/\/schema.org","@graph":[{"@type":"WebPage","@id":"https:\/\/sincronideia.pt\/servicos\/","url":"https:\/\/sincronideia.pt\/servicos\/","name":"Servi\u00e7os Sincronideia | RGPD - Seguran\u00e7a - DPO - RJSC","isPartOf":{"@id":"https:\/\/sincronideia.pt\/#website"},"datePublished":"2023-03-29T08:52:33+00:00","dateModified":"2025-01-03T17:38:33+00:00","description":"A Sincronideia apresenta um completo portef\u00f3lio de respostas nas \u00e1reas da seguran\u00e7a e privacidade que incluem diversos servi\u00e7os.","breadcrumb":{"@id":"https:\/\/sincronideia.pt\/servicos\/#breadcrumb"},"inLanguage":"en-GB","potentialAction":[{"@type":"ReadAction","target":["https:\/\/sincronideia.pt\/servicos\/"]}]},{"@type":"BreadcrumbList","@id":"https:\/\/sincronideia.pt\/servicos\/#breadcrumb","itemListElement":[{"@type":"ListItem","position":1,"name":"In\u00edcio","item":"https:\/\/sincronideia.pt\/"},{"@type":"ListItem","position":2,"name":"Servi\u00e7os"}]},{"@type":"WebSite","@id":"https:\/\/sincronideia.pt\/#website","url":"https:\/\/sincronideia.pt\/","name":"Sincronideia","description":"Data Privacy &amp; Security","publisher":{"@id":"https:\/\/sincronideia.pt\/#organization"},"potentialAction":[{"@type":"SearchAction","target":{"@type":"EntryPoint","urlTemplate":"https:\/\/sincronideia.pt\/?s={search_term_string}"},"query-input":{"@type":"PropertyValueSpecification","valueRequired":true,"valueName":"search_term_string"}}],"inLanguage":"en-GB"},{"@type":"Organization","@id":"https:\/\/sincronideia.pt\/#organization","name":"Sincronideia","url":"https:\/\/sincronideia.pt\/","logo":{"@type":"ImageObject","inLanguage":"en-GB","@id":"https:\/\/sincronideia.pt\/#\/schema\/logo\/image\/","url":"https:\/\/sincronideia.pt\/wp-content\/uploads\/2023\/03\/Logo_.png","contentUrl":"https:\/\/sincronideia.pt\/wp-content\/uploads\/2023\/03\/Logo_.png","width":1129,"height":400,"caption":"Sincronideia"},"image":{"@id":"https:\/\/sincronideia.pt\/#\/schema\/logo\/image\/"},"sameAs":["https:\/\/www.linkedin.com\/company\/sincronideia-data-privacy-and-security\/"]}]}},"_links":{"self":[{"href":"https:\/\/sincronideia.pt\/en\/wp-json\/wp\/v2\/pages\/28","targetHints":{"allow":["GET"]}}],"collection":[{"href":"https:\/\/sincronideia.pt\/en\/wp-json\/wp\/v2\/pages"}],"about":[{"href":"https:\/\/sincronideia.pt\/en\/wp-json\/wp\/v2\/types\/page"}],"author":[{"embeddable":true,"href":"https:\/\/sincronideia.pt\/en\/wp-json\/wp\/v2\/users\/1"}],"replies":[{"embeddable":true,"href":"https:\/\/sincronideia.pt\/en\/wp-json\/wp\/v2\/comments?post=28"}],"version-history":[{"count":16,"href":"https:\/\/sincronideia.pt\/en\/wp-json\/wp\/v2\/pages\/28\/revisions"}],"predecessor-version":[{"id":268,"href":"https:\/\/sincronideia.pt\/en\/wp-json\/wp\/v2\/pages\/28\/revisions\/268"}],"wp:attachment":[{"href":"https:\/\/sincronideia.pt\/en\/wp-json\/wp\/v2\/media?parent=28"}],"curies":[{"name":"wp","href":"https:\/\/api.w.org\/{rel}","templated":true}]}}