{"id":29,"date":"2023-03-29T08:52:33","date_gmt":"2023-03-29T08:52:33","guid":{"rendered":"https:\/\/sincronideia.pt\/about\/"},"modified":"2023-04-03T09:09:40","modified_gmt":"2023-04-03T09:09:40","slug":"sobre-nos","status":"publish","type":"page","link":"https:\/\/sincronideia.pt\/en\/sobre-nos\/","title":{"rendered":"About Us"},"content":{"rendered":"<h1>About Us<\/h1>\n\n\n\n\n\n\n\n<h2>ABOUT US<\/h2>\n\n\n\n<p>A Sincronideia &#8211; Data Privacy &amp; Security, integra um grupo com mais de trinta e cinco anos de experi\u00eancia em solu\u00e7\u00f5es tecnol\u00f3gicas e de gest\u00e3o. \u00c9 constitu\u00edda por uma equipa multidisciplinar com compet\u00eancias nas \u00e1reas tecnol\u00f3gica, legal e gest\u00e3o por processos. Os perfis dos recursos da empresa refletem um conjunto de experi\u00eancias que envolvem desenho, cria\u00e7\u00e3o e implementa\u00e7\u00e3o de projetos de ciberseguran\u00e7a em m\u00faltiplos contextos e setores de atividade, desde a Administra\u00e7\u00e3o Central, Educa\u00e7\u00e3o Superior, Setor produtivo e de Manufatura passando pelo setor dos Servi\u00e7os.<\/p><p><br><\/p><p>To this concrete experience we have added several professional certifications that include:<\/p><p>\u2022 CIPP\/E Certified Information Privacy Professional\/Europe<br><\/p><p>\u2022 Data Privacy &amp; Data Protection<br><\/p><p>\u2022 Internal Auditor ISO 27001<br><\/p><p>\u2022 Engineer and Architect level certifications in Perimeter Security, Endpoint Protection and Encryption\/Cipherment solutions<br><\/p><p><br><\/p><p>We believe that years in activity, combined with the professional certification of our members, are critical factors in fully evaluating our company's skills. Furthermore, qualifications in the legal and organizational areas now play an even more decisive role in each project, in order to offer organizations the required levels of compliance.<\/p>\n\n\n\n\n\n\n\n\n\n\n<h3><strong>Cyberspace security legal regime<\/strong><\/h3>\n\n\n<h5><strong>COMPLETE FITNESS SERVICES<\/strong><\/h5>\n\n\n\n\n\n\n\n<h2>MISSION AND VISION<\/h2>\n\n\n\n\n\n<p>Provide high quality services in the areas of security and privacy in the national and international market.<\/p>\n\n\n\n\n<p>Constitute a true partner focused on the ideal response for each organization, which allows Sincronideia to stand out as a reference company in providing answers in the areas of security and privacy.<\/p>","protected":false},"excerpt":{"rendered":"","protected":false},"author":1,"featured_media":0,"parent":0,"menu_order":0,"comment_status":"closed","ping_status":"closed","template":"","meta":{"pagelayer_contact_templates":[],"_pagelayer_content":"","footnotes":""},"class_list":["post-29","page","type-page","status-publish","hentry"],"yoast_head":"<!-- This site is optimized with the Yoast SEO plugin v27.3 - https:\/\/yoast.com\/product\/yoast-seo-wordpress\/ -->\n<title>Sobre N\u00f3s | Sincronideia<\/title>\n<meta name=\"description\" content=\"A Sincronideia Data Privacy &amp; Security, integra um grupo com mais de trinta e cinco anos de experi\u00eancia em solu\u00e7\u00f5es tecnol\u00f3gicas e de gest\u00e3o.\" \/>\n<meta name=\"robots\" content=\"index, follow, max-snippet:-1, max-image-preview:large, max-video-preview:-1\" \/>\n<link rel=\"canonical\" href=\"https:\/\/sincronideia.pt\/en\/sobre-nos\/\" \/>\n<meta property=\"og:locale\" content=\"en_GB\" \/>\n<meta property=\"og:type\" content=\"article\" \/>\n<meta property=\"og:title\" content=\"Sobre N\u00f3s | Sincronideia\" \/>\n<meta property=\"og:description\" content=\"A Sincronideia Data Privacy &amp; Security, integra um grupo com mais de trinta e cinco anos de experi\u00eancia em solu\u00e7\u00f5es tecnol\u00f3gicas e de gest\u00e3o.\" \/>\n<meta property=\"og:url\" content=\"https:\/\/sincronideia.pt\/en\/sobre-nos\/\" \/>\n<meta property=\"og:site_name\" content=\"Sincronideia\" \/>\n<meta property=\"article:modified_time\" content=\"2023-04-03T09:09:40+00:00\" \/>\n<meta name=\"twitter:card\" content=\"summary_large_image\" \/>\n<meta name=\"twitter:label1\" content=\"Estimated reading time\" \/>\n\t<meta name=\"twitter:data1\" content=\"2 minutes\" \/>\n<script type=\"application\/ld+json\" class=\"yoast-schema-graph\">{\"@context\":\"https:\\\/\\\/schema.org\",\"@graph\":[{\"@type\":\"WebPage\",\"@id\":\"https:\\\/\\\/sincronideia.pt\\\/sobre-nos\\\/\",\"url\":\"https:\\\/\\\/sincronideia.pt\\\/sobre-nos\\\/\",\"name\":\"Sobre N\u00f3s | Sincronideia\",\"isPartOf\":{\"@id\":\"https:\\\/\\\/sincronideia.pt\\\/#website\"},\"datePublished\":\"2023-03-29T08:52:33+00:00\",\"dateModified\":\"2023-04-03T09:09:40+00:00\",\"description\":\"A Sincronideia Data Privacy & Security, integra um grupo com mais de trinta e cinco anos de experi\u00eancia em solu\u00e7\u00f5es tecnol\u00f3gicas e de gest\u00e3o.\",\"breadcrumb\":{\"@id\":\"https:\\\/\\\/sincronideia.pt\\\/sobre-nos\\\/#breadcrumb\"},\"inLanguage\":\"en-GB\",\"potentialAction\":[{\"@type\":\"ReadAction\",\"target\":[\"https:\\\/\\\/sincronideia.pt\\\/sobre-nos\\\/\"]}]},{\"@type\":\"BreadcrumbList\",\"@id\":\"https:\\\/\\\/sincronideia.pt\\\/sobre-nos\\\/#breadcrumb\",\"itemListElement\":[{\"@type\":\"ListItem\",\"position\":1,\"name\":\"In\u00edcio\",\"item\":\"https:\\\/\\\/sincronideia.pt\\\/\"},{\"@type\":\"ListItem\",\"position\":2,\"name\":\"Sobre N\u00f3s\"}]},{\"@type\":\"WebSite\",\"@id\":\"https:\\\/\\\/sincronideia.pt\\\/#website\",\"url\":\"https:\\\/\\\/sincronideia.pt\\\/\",\"name\":\"Sincronideia\",\"description\":\"Data Privacy &amp; Security\",\"publisher\":{\"@id\":\"https:\\\/\\\/sincronideia.pt\\\/#organization\"},\"potentialAction\":[{\"@type\":\"SearchAction\",\"target\":{\"@type\":\"EntryPoint\",\"urlTemplate\":\"https:\\\/\\\/sincronideia.pt\\\/?s={search_term_string}\"},\"query-input\":{\"@type\":\"PropertyValueSpecification\",\"valueRequired\":true,\"valueName\":\"search_term_string\"}}],\"inLanguage\":\"en-GB\"},{\"@type\":\"Organization\",\"@id\":\"https:\\\/\\\/sincronideia.pt\\\/#organization\",\"name\":\"Sincronideia\",\"url\":\"https:\\\/\\\/sincronideia.pt\\\/\",\"logo\":{\"@type\":\"ImageObject\",\"inLanguage\":\"en-GB\",\"@id\":\"https:\\\/\\\/sincronideia.pt\\\/#\\\/schema\\\/logo\\\/image\\\/\",\"url\":\"https:\\\/\\\/sincronideia.pt\\\/wp-content\\\/uploads\\\/2023\\\/03\\\/Logo_.png\",\"contentUrl\":\"https:\\\/\\\/sincronideia.pt\\\/wp-content\\\/uploads\\\/2023\\\/03\\\/Logo_.png\",\"width\":1129,\"height\":400,\"caption\":\"Sincronideia\"},\"image\":{\"@id\":\"https:\\\/\\\/sincronideia.pt\\\/#\\\/schema\\\/logo\\\/image\\\/\"},\"sameAs\":[\"https:\\\/\\\/www.linkedin.com\\\/company\\\/sincronideia-data-privacy-and-security\\\/\"]}]}<\/script>\n<!-- \/ Yoast SEO plugin. -->","yoast_head_json":{"title":"Sobre N\u00f3s | Sincronideia","description":"A Sincronideia Data Privacy & Security, integra um grupo com mais de trinta e cinco anos de experi\u00eancia em solu\u00e7\u00f5es tecnol\u00f3gicas e de gest\u00e3o.","robots":{"index":"index","follow":"follow","max-snippet":"max-snippet:-1","max-image-preview":"max-image-preview:large","max-video-preview":"max-video-preview:-1"},"canonical":"https:\/\/sincronideia.pt\/en\/sobre-nos\/","og_locale":"en_GB","og_type":"article","og_title":"Sobre N\u00f3s | Sincronideia","og_description":"A Sincronideia Data Privacy & Security, integra um grupo com mais de trinta e cinco anos de experi\u00eancia em solu\u00e7\u00f5es tecnol\u00f3gicas e de gest\u00e3o.","og_url":"https:\/\/sincronideia.pt\/en\/sobre-nos\/","og_site_name":"Sincronideia","article_modified_time":"2023-04-03T09:09:40+00:00","twitter_card":"summary_large_image","twitter_misc":{"Estimated reading time":"2 minutes"},"schema":{"@context":"https:\/\/schema.org","@graph":[{"@type":"WebPage","@id":"https:\/\/sincronideia.pt\/sobre-nos\/","url":"https:\/\/sincronideia.pt\/sobre-nos\/","name":"Sobre N\u00f3s | Sincronideia","isPartOf":{"@id":"https:\/\/sincronideia.pt\/#website"},"datePublished":"2023-03-29T08:52:33+00:00","dateModified":"2023-04-03T09:09:40+00:00","description":"A Sincronideia Data Privacy & Security, integra um grupo com mais de trinta e cinco anos de experi\u00eancia em solu\u00e7\u00f5es tecnol\u00f3gicas e de gest\u00e3o.","breadcrumb":{"@id":"https:\/\/sincronideia.pt\/sobre-nos\/#breadcrumb"},"inLanguage":"en-GB","potentialAction":[{"@type":"ReadAction","target":["https:\/\/sincronideia.pt\/sobre-nos\/"]}]},{"@type":"BreadcrumbList","@id":"https:\/\/sincronideia.pt\/sobre-nos\/#breadcrumb","itemListElement":[{"@type":"ListItem","position":1,"name":"In\u00edcio","item":"https:\/\/sincronideia.pt\/"},{"@type":"ListItem","position":2,"name":"Sobre N\u00f3s"}]},{"@type":"WebSite","@id":"https:\/\/sincronideia.pt\/#website","url":"https:\/\/sincronideia.pt\/","name":"Sincronideia","description":"Data Privacy &amp; Security","publisher":{"@id":"https:\/\/sincronideia.pt\/#organization"},"potentialAction":[{"@type":"SearchAction","target":{"@type":"EntryPoint","urlTemplate":"https:\/\/sincronideia.pt\/?s={search_term_string}"},"query-input":{"@type":"PropertyValueSpecification","valueRequired":true,"valueName":"search_term_string"}}],"inLanguage":"en-GB"},{"@type":"Organization","@id":"https:\/\/sincronideia.pt\/#organization","name":"Sincronideia","url":"https:\/\/sincronideia.pt\/","logo":{"@type":"ImageObject","inLanguage":"en-GB","@id":"https:\/\/sincronideia.pt\/#\/schema\/logo\/image\/","url":"https:\/\/sincronideia.pt\/wp-content\/uploads\/2023\/03\/Logo_.png","contentUrl":"https:\/\/sincronideia.pt\/wp-content\/uploads\/2023\/03\/Logo_.png","width":1129,"height":400,"caption":"Sincronideia"},"image":{"@id":"https:\/\/sincronideia.pt\/#\/schema\/logo\/image\/"},"sameAs":["https:\/\/www.linkedin.com\/company\/sincronideia-data-privacy-and-security\/"]}]}},"_links":{"self":[{"href":"https:\/\/sincronideia.pt\/en\/wp-json\/wp\/v2\/pages\/29","targetHints":{"allow":["GET"]}}],"collection":[{"href":"https:\/\/sincronideia.pt\/en\/wp-json\/wp\/v2\/pages"}],"about":[{"href":"https:\/\/sincronideia.pt\/en\/wp-json\/wp\/v2\/types\/page"}],"author":[{"embeddable":true,"href":"https:\/\/sincronideia.pt\/en\/wp-json\/wp\/v2\/users\/1"}],"replies":[{"embeddable":true,"href":"https:\/\/sincronideia.pt\/en\/wp-json\/wp\/v2\/comments?post=29"}],"version-history":[{"count":18,"href":"https:\/\/sincronideia.pt\/en\/wp-json\/wp\/v2\/pages\/29\/revisions"}],"predecessor-version":[{"id":224,"href":"https:\/\/sincronideia.pt\/en\/wp-json\/wp\/v2\/pages\/29\/revisions\/224"}],"wp:attachment":[{"href":"https:\/\/sincronideia.pt\/en\/wp-json\/wp\/v2\/media?parent=29"}],"curies":[{"name":"wp","href":"https:\/\/api.w.org\/{rel}","templated":true}]}}