{"id":31,"date":"2023-03-29T08:52:33","date_gmt":"2023-03-29T08:52:33","guid":{"rendered":"https:\/\/sincronideia.pt\/home\/"},"modified":"2025-01-07T11:53:49","modified_gmt":"2025-01-07T11:53:49","slug":"home","status":"publish","type":"page","link":"https:\/\/sincronideia.pt\/en\/","title":{"rendered":"Home"},"content":{"rendered":"<h2>ABOUT US<\/h2>\n\n\n\n<p>A Sincronideia &#8211; Data Privacy &amp; Security, integra um grupo com mais de trinta e cinco anos de experi\u00eancia em solu\u00e7\u00f5es tecnol\u00f3gicas e de gest\u00e3o. \u00c9 constitu\u00edda por uma equipa multidisciplinar com compet\u00eancias nas \u00e1reas tecnol\u00f3gica, legal e gest\u00e3o por processos. Os perfis dos recursos da empresa refletem um conjunto de experi\u00eancias que envolvem desenho, cria\u00e7\u00e3o e implementa\u00e7\u00e3o de projetos de ciberseguran\u00e7a em m\u00faltiplos contextos e setores de atividade, desde a Administra\u00e7\u00e3o Central, Educa\u00e7\u00e3o Superior, Setor produtivo e de Manufatura passando pelo setor dos Servi\u00e7os.<\/p>\n\n\n\n\n\n\n\n\n\n\n\n\n\n\n\n<h2>Services<\/h2>\n\n\n\n<p>Sincronideia presents a complete portfolio of responses in the areas of security and privacy that include auditing and advisory services, training in multiple areas, design and implementation of technological solutions, certification consultancy and external Data Protection Officer services. All of our activity aims to offer each organization appropriate responses to the ongoing challenges of information security and privacy.<\/p>\n\n\n\n\n\n\n\n<h2>Specialization areas<\/h2>\n\n\n\n\n\n\n\n\n\n\n\n\n\n\n\n\n\n\n\n\n\n\n\n\n\n\n\n<h3><strong>Do you know if your company has ever been the target of cyber attacks?<\/strong><\/h3>","protected":false},"excerpt":{"rendered":"","protected":false},"author":1,"featured_media":0,"parent":0,"menu_order":0,"comment_status":"closed","ping_status":"closed","template":"","meta":{"pagelayer_contact_templates":[],"_pagelayer_content":"","footnotes":""},"class_list":["post-31","page","type-page","status-publish","hentry"],"yoast_head":"<!-- This site is optimized with the Yoast SEO plugin v27.3 - https:\/\/yoast.com\/product\/yoast-seo-wordpress\/ -->\n<title>Sincronideia | Data Privacy &amp; Security<\/title>\n<meta name=\"description\" content=\"A Sincronideia - Data Privacy &amp; Security \u00e9 constitu\u00edda por uma equipa multidisciplinar nas \u00e1reas tecnol\u00f3gica, legal e gest\u00e3o por processos.\" \/>\n<meta name=\"robots\" content=\"index, follow, max-snippet:-1, max-image-preview:large, max-video-preview:-1\" \/>\n<link rel=\"canonical\" href=\"https:\/\/sincronideia.pt\/en\/\" \/>\n<meta property=\"og:locale\" content=\"en_GB\" \/>\n<meta property=\"og:type\" content=\"article\" \/>\n<meta property=\"og:title\" content=\"Sincronideia | Data Privacy &amp; Security\" \/>\n<meta property=\"og:description\" content=\"A Sincronideia - Data Privacy &amp; Security \u00e9 constitu\u00edda por uma equipa multidisciplinar nas \u00e1reas tecnol\u00f3gica, legal e gest\u00e3o por processos.\" \/>\n<meta property=\"og:url\" content=\"https:\/\/sincronideia.pt\/en\/\" \/>\n<meta property=\"og:site_name\" content=\"Sincronideia\" \/>\n<meta property=\"article:modified_time\" content=\"2025-01-07T11:53:49+00:00\" \/>\n<meta name=\"twitter:card\" content=\"summary_large_image\" \/>\n<meta name=\"twitter:label1\" content=\"Estimated reading time\" \/>\n\t<meta name=\"twitter:data1\" content=\"1 minute\" \/>\n<script type=\"application\/ld+json\" class=\"yoast-schema-graph\">{\"@context\":\"https:\\\/\\\/schema.org\",\"@graph\":[{\"@type\":\"WebPage\",\"@id\":\"https:\\\/\\\/sincronideia.pt\\\/\",\"url\":\"https:\\\/\\\/sincronideia.pt\\\/\",\"name\":\"Sincronideia | Data Privacy & Security\",\"isPartOf\":{\"@id\":\"https:\\\/\\\/sincronideia.pt\\\/#website\"},\"datePublished\":\"2023-03-29T08:52:33+00:00\",\"dateModified\":\"2025-01-07T11:53:49+00:00\",\"description\":\"A Sincronideia - Data Privacy & Security \u00e9 constitu\u00edda por uma equipa multidisciplinar nas \u00e1reas tecnol\u00f3gica, legal e gest\u00e3o por processos.\",\"breadcrumb\":{\"@id\":\"https:\\\/\\\/sincronideia.pt\\\/#breadcrumb\"},\"inLanguage\":\"en-GB\",\"potentialAction\":[{\"@type\":\"ReadAction\",\"target\":[\"https:\\\/\\\/sincronideia.pt\\\/\"]}]},{\"@type\":\"BreadcrumbList\",\"@id\":\"https:\\\/\\\/sincronideia.pt\\\/#breadcrumb\",\"itemListElement\":[{\"@type\":\"ListItem\",\"position\":1,\"name\":\"In\u00edcio\",\"item\":\"https:\\\/\\\/sincronideia.pt\\\/\"},{\"@type\":\"ListItem\",\"position\":2,\"name\":\"Home\"}]},{\"@type\":\"WebSite\",\"@id\":\"https:\\\/\\\/sincronideia.pt\\\/#website\",\"url\":\"https:\\\/\\\/sincronideia.pt\\\/\",\"name\":\"Sincronideia\",\"description\":\"Data Privacy &amp; Security\",\"publisher\":{\"@id\":\"https:\\\/\\\/sincronideia.pt\\\/#organization\"},\"potentialAction\":[{\"@type\":\"SearchAction\",\"target\":{\"@type\":\"EntryPoint\",\"urlTemplate\":\"https:\\\/\\\/sincronideia.pt\\\/?s={search_term_string}\"},\"query-input\":{\"@type\":\"PropertyValueSpecification\",\"valueRequired\":true,\"valueName\":\"search_term_string\"}}],\"inLanguage\":\"en-GB\"},{\"@type\":\"Organization\",\"@id\":\"https:\\\/\\\/sincronideia.pt\\\/#organization\",\"name\":\"Sincronideia\",\"url\":\"https:\\\/\\\/sincronideia.pt\\\/\",\"logo\":{\"@type\":\"ImageObject\",\"inLanguage\":\"en-GB\",\"@id\":\"https:\\\/\\\/sincronideia.pt\\\/#\\\/schema\\\/logo\\\/image\\\/\",\"url\":\"https:\\\/\\\/sincronideia.pt\\\/wp-content\\\/uploads\\\/2023\\\/03\\\/Logo_.png\",\"contentUrl\":\"https:\\\/\\\/sincronideia.pt\\\/wp-content\\\/uploads\\\/2023\\\/03\\\/Logo_.png\",\"width\":1129,\"height\":400,\"caption\":\"Sincronideia\"},\"image\":{\"@id\":\"https:\\\/\\\/sincronideia.pt\\\/#\\\/schema\\\/logo\\\/image\\\/\"},\"sameAs\":[\"https:\\\/\\\/www.linkedin.com\\\/company\\\/sincronideia-data-privacy-and-security\\\/\"]}]}<\/script>\n<!-- \/ Yoast SEO plugin. -->","yoast_head_json":{"title":"Sincronideia | Data Privacy & Security","description":"A Sincronideia - Data Privacy & Security \u00e9 constitu\u00edda por uma equipa multidisciplinar nas \u00e1reas tecnol\u00f3gica, legal e gest\u00e3o por processos.","robots":{"index":"index","follow":"follow","max-snippet":"max-snippet:-1","max-image-preview":"max-image-preview:large","max-video-preview":"max-video-preview:-1"},"canonical":"https:\/\/sincronideia.pt\/en\/","og_locale":"en_GB","og_type":"article","og_title":"Sincronideia | Data Privacy & Security","og_description":"A Sincronideia - Data Privacy & Security \u00e9 constitu\u00edda por uma equipa multidisciplinar nas \u00e1reas tecnol\u00f3gica, legal e gest\u00e3o por processos.","og_url":"https:\/\/sincronideia.pt\/en\/","og_site_name":"Sincronideia","article_modified_time":"2025-01-07T11:53:49+00:00","twitter_card":"summary_large_image","twitter_misc":{"Estimated reading time":"1 minute"},"schema":{"@context":"https:\/\/schema.org","@graph":[{"@type":"WebPage","@id":"https:\/\/sincronideia.pt\/","url":"https:\/\/sincronideia.pt\/","name":"Sincronideia | Data Privacy & Security","isPartOf":{"@id":"https:\/\/sincronideia.pt\/#website"},"datePublished":"2023-03-29T08:52:33+00:00","dateModified":"2025-01-07T11:53:49+00:00","description":"A Sincronideia - Data Privacy & Security \u00e9 constitu\u00edda por uma equipa multidisciplinar nas \u00e1reas tecnol\u00f3gica, legal e gest\u00e3o por processos.","breadcrumb":{"@id":"https:\/\/sincronideia.pt\/#breadcrumb"},"inLanguage":"en-GB","potentialAction":[{"@type":"ReadAction","target":["https:\/\/sincronideia.pt\/"]}]},{"@type":"BreadcrumbList","@id":"https:\/\/sincronideia.pt\/#breadcrumb","itemListElement":[{"@type":"ListItem","position":1,"name":"In\u00edcio","item":"https:\/\/sincronideia.pt\/"},{"@type":"ListItem","position":2,"name":"Home"}]},{"@type":"WebSite","@id":"https:\/\/sincronideia.pt\/#website","url":"https:\/\/sincronideia.pt\/","name":"Sincronideia","description":"Data Privacy &amp; Security","publisher":{"@id":"https:\/\/sincronideia.pt\/#organization"},"potentialAction":[{"@type":"SearchAction","target":{"@type":"EntryPoint","urlTemplate":"https:\/\/sincronideia.pt\/?s={search_term_string}"},"query-input":{"@type":"PropertyValueSpecification","valueRequired":true,"valueName":"search_term_string"}}],"inLanguage":"en-GB"},{"@type":"Organization","@id":"https:\/\/sincronideia.pt\/#organization","name":"Sincronideia","url":"https:\/\/sincronideia.pt\/","logo":{"@type":"ImageObject","inLanguage":"en-GB","@id":"https:\/\/sincronideia.pt\/#\/schema\/logo\/image\/","url":"https:\/\/sincronideia.pt\/wp-content\/uploads\/2023\/03\/Logo_.png","contentUrl":"https:\/\/sincronideia.pt\/wp-content\/uploads\/2023\/03\/Logo_.png","width":1129,"height":400,"caption":"Sincronideia"},"image":{"@id":"https:\/\/sincronideia.pt\/#\/schema\/logo\/image\/"},"sameAs":["https:\/\/www.linkedin.com\/company\/sincronideia-data-privacy-and-security\/"]}]}},"_links":{"self":[{"href":"https:\/\/sincronideia.pt\/en\/wp-json\/wp\/v2\/pages\/31","targetHints":{"allow":["GET"]}}],"collection":[{"href":"https:\/\/sincronideia.pt\/en\/wp-json\/wp\/v2\/pages"}],"about":[{"href":"https:\/\/sincronideia.pt\/en\/wp-json\/wp\/v2\/types\/page"}],"author":[{"embeddable":true,"href":"https:\/\/sincronideia.pt\/en\/wp-json\/wp\/v2\/users\/1"}],"replies":[{"embeddable":true,"href":"https:\/\/sincronideia.pt\/en\/wp-json\/wp\/v2\/comments?post=31"}],"version-history":[{"count":37,"href":"https:\/\/sincronideia.pt\/en\/wp-json\/wp\/v2\/pages\/31\/revisions"}],"predecessor-version":[{"id":270,"href":"https:\/\/sincronideia.pt\/en\/wp-json\/wp\/v2\/pages\/31\/revisions\/270"}],"wp:attachment":[{"href":"https:\/\/sincronideia.pt\/en\/wp-json\/wp\/v2\/media?parent=31"}],"curies":[{"name":"wp","href":"https:\/\/api.w.org\/{rel}","templated":true}]}}